{"id":886,"date":"2015-11-16T16:25:29","date_gmt":"2015-11-16T15:25:29","guid":{"rendered":"http:\/\/www.felsch.de\/?page_id=886"},"modified":"2023-05-10T13:41:10","modified_gmt":"2023-05-10T11:41:10","slug":"buero","status":"publish","type":"page","link":"https:\/\/www.felsch.de\/en\/buero\/","title":{"rendered":"Office"},"content":{"rendered":"<p>Felsch Lighting Design ist ein unabh\u00e4ngig arbeitendes Lichtplanungsb\u00fcro mit Sitz in Hamburg. Der Gr\u00fcnder machte sich 2004 mit einem eigenen B\u00fcro selbstst\u00e4ndig und kann heute auf \u00fcber 20 Jahre Erfahrung im Umgang mit dem Werkstoff Licht in nationalen und internationalen Projekten zur\u00fcckgreifen. Ein Team aus qualifizierten Spezialisten plant und ber\u00e4t seine Auftraggeber.<\/p>\n<p><a href=\"https:\/\/www.felsch.de\/wp-content\/uploads\/2015\/10\/Neu_Felsch_06_SW.jpg\"><img decoding=\"async\" class=\"wp-image-870 alignnone\" src=\"https:\/\/www.felsch.de\/wp-content\/uploads\/2015\/10\/Neu_Felsch_06_SW.jpg\" alt=\"Markus Felsch Portrait\" width=\"50%\" height=\"50%\" \/><\/a><br \/>\nMarkus Felsch<br \/>\nDipl.-Ing. Lighting Design<br \/>\nGesch\u00e4ftsf\u00fchrung<br \/>\ne-Mail: <a href=\"mailto:m.felsch@felsch.de\">m.felsch@felsch.de<\/a><br \/>\nFon: +49 (0) 40 636 599 10<\/p>\n<p>Durch seine Ausbildung zum Energieanlagen\u2013Elektroniker und das Studium des Lichtdesigns wurden die Grundlagen auf technischer und gestalterischer Ebene geschaffen. Durch seine langj\u00e4hrige T\u00e4tigkeit in der Architektur- und der Eventbeleuchtung haben sich unz\u00e4hlige M\u00f6glichkeiten ergeben, Know-How und Experimentierfreude erfolgreich einzusetzen. \u201eUm eine perfekte Beleuchtung planen zu k\u00f6nnen, m\u00fcssen m\u00f6glichst alle Einflussgr\u00f6\u00dfen der Aufgabestellung betrachtet und ber\u00fccksichtigt werden. In den meisten F\u00e4llen beinhaltet dies die Aufgabenstellung der Bauherren, den Ort, an dem die sp\u00e4tere Lichtstimmung entstehen soll, die finanziellen Rahmenbedingungen, den Mut und das Vertrauen der Bauherren, sowie langfristige \u00f6konomische und \u00f6kologische Auswirkungen eines Entwurfs.\u201c Ziel seiner Arbeit ist es, dieses notwendige umfassende Verst\u00e4ndnis seinen Mitarbeitern und Bauherren nahe zu bringen. Um das Thema Licht und die Lichtgestaltung langfristig und nachhaltig etablieren zu k\u00f6nnen, investiert er in Grundlagenforschung an der HAW (Hochschule f\u00fcr angewandte Wissenschaft) und in die Aus- und Weiterbildung der Architekten und Ingenieure, die ebenfalls mit diesem Medium arbeiten.<\/p>\n<h4>Mitgliedschaften<\/h4>\n<p><a title=\"DGNB\" href=\"https:\/\/www.dgnb.de\/de\/\" target=\"_blank\" rel=\"noopener\">DGNB | Deutsche Gesellschaft f\u00fcr nachhaltiges Bauen<\/a><br \/>\n<a title=\"fild\" href=\"https:\/\/www.fild.eu\" target=\"_blank\" rel=\"noopener\">fild | federation of international lighting designers<\/a><br \/>\n<a title=\"LiTG\" href=\"https:\/\/www.litg.de\/\" target=\"_blank\" rel=\"noopener\">LiTG | Deutsche Lichttechnische Gesellschaft e.V.<\/a><\/p>\n<p><a href=\"https:\/\/www.felsch.de\/wp-content\/uploads\/2015\/10\/Banner1.png\"><img loading=\"lazy\" decoding=\"async\" class=\"alignnone size-medium wp-image-785\" src=\"https:\/\/www.felsch.de\/wp-content\/uploads\/2015\/10\/Banner1-300x145.png\" alt=\"Mitgliedschaften fild LiTG DGNB\" width=\"300\" height=\"145\" srcset=\"https:\/\/www.felsch.de\/wp-content\/uploads\/2015\/10\/Banner1-300x145.png 300w, https:\/\/www.felsch.de\/wp-content\/uploads\/2015\/10\/Banner1-400x194.png 400w, https:\/\/www.felsch.de\/wp-content\/uploads\/2015\/10\/Banner1.png 585w\" sizes=\"(max-width: 300px) 100vw, 300px\" \/><\/a><\/p>\n","protected":false},"excerpt":{"rendered":"<p>Felsch Lighting Design ist ein unabh\u00e4ngig arbeitendes Lichtplanungsb\u00fcro mit Sitz in Hamburg. Der Gr\u00fcnder machte sich 2004 mit einem eigenen B\u00fcro selbstst\u00e4ndig und kann heute auf \u00fcber 20 Jahre Erfahrung im Umgang mit dem Werkstoff Licht in nationalen und internationalen Projekten zur\u00fcckgreifen. Ein Team aus qualifizierten Spezialisten plant und ber\u00e4t seine Auftraggeber. Markus Felsch Dipl.-Ing. [&hellip;]<\/p>\n","protected":false},"author":1,"featured_media":0,"parent":0,"menu_order":0,"comment_status":"closed","ping_status":"closed","template":"","meta":{"footnotes":""},"class_list":["post-886","page","type-page","status-publish","hentry"],"yoast_head":"<!-- This site is optimized with the Yoast SEO plugin v23.4 - https:\/\/yoast.com\/wordpress\/plugins\/seo\/ -->\n<title>Office - felsch lighting design<\/title>\n<meta name=\"robots\" content=\"index, follow, max-snippet:-1, max-image-preview:large, max-video-preview:-1\" \/>\n<link rel=\"canonical\" href=\"https:\/\/www.felsch.de\/en\/buero\/\" \/>\n<meta property=\"og:locale\" content=\"en_US\" \/>\n<meta property=\"og:type\" content=\"article\" \/>\n<meta property=\"og:title\" content=\"Office - felsch lighting design\" \/>\n<meta property=\"og:description\" content=\"Felsch Lighting Design ist ein unabh\u00e4ngig arbeitendes Lichtplanungsb\u00fcro mit Sitz in Hamburg. Der Gr\u00fcnder machte sich 2004 mit einem eigenen B\u00fcro selbstst\u00e4ndig und kann heute auf \u00fcber 20 Jahre Erfahrung im Umgang mit dem Werkstoff Licht in nationalen und internationalen Projekten zur\u00fcckgreifen. Ein Team aus qualifizierten Spezialisten plant und ber\u00e4t seine Auftraggeber. Markus Felsch Dipl.-Ing. [&hellip;]\" \/>\n<meta property=\"og:url\" content=\"https:\/\/www.felsch.de\/en\/buero\/\" \/>\n<meta property=\"og:site_name\" content=\"felsch lighting design\" \/>\n<meta property=\"article:modified_time\" content=\"2023-05-10T11:41:10+00:00\" \/>\n<meta property=\"og:image\" content=\"https:\/\/www.felsch.de\/wp-content\/uploads\/2015\/10\/Neu_Felsch_06_SW.jpg\" \/>\n<meta name=\"twitter:card\" content=\"summary_large_image\" \/>\n<meta name=\"twitter:label1\" content=\"Est. reading time\" \/>\n\t<meta name=\"twitter:data1\" content=\"2 minutes\" \/>\n<script type=\"application\/ld+json\" class=\"yoast-schema-graph\">{\"@context\":\"https:\/\/schema.org\",\"@graph\":[{\"@type\":\"WebPage\",\"@id\":\"https:\/\/www.felsch.de\/en\/buero\/\",\"url\":\"https:\/\/www.felsch.de\/en\/buero\/\",\"name\":\"Office - felsch lighting design\",\"isPartOf\":{\"@id\":\"https:\/\/www.felsch.de\/en\/#website\"},\"primaryImageOfPage\":{\"@id\":\"https:\/\/www.felsch.de\/en\/buero\/#primaryimage\"},\"image\":{\"@id\":\"https:\/\/www.felsch.de\/buero\/#primaryimage\"},\"thumbnailUrl\":\"https:\/\/www.felsch.de\/wp-content\/uploads\/2015\/10\/Neu_Felsch_06_SW.jpg\",\"datePublished\":\"2015-11-16T15:25:29+00:00\",\"dateModified\":\"2023-05-10T11:41:10+00:00\",\"breadcrumb\":{\"@id\":\"https:\/\/www.felsch.de\/en\/buero\/#breadcrumb\"},\"inLanguage\":\"en-US\",\"potentialAction\":[{\"@type\":\"ReadAction\",\"target\":[[\"https:\/\/www.felsch.de\/en\/buero\/\"]]}]},{\"@type\":\"ImageObject\",\"inLanguage\":\"en-US\",\"@id\":\"https:\/\/www.felsch.de\/en\/buero\/#primaryimage\",\"url\":\"https:\/\/www.felsch.de\/wp-content\/uploads\/2015\/10\/Neu_Felsch_06_SW.jpg\",\"contentUrl\":\"https:\/\/www.felsch.de\/wp-content\/uploads\/2015\/10\/Neu_Felsch_06_SW.jpg\"},{\"@type\":\"BreadcrumbList\",\"@id\":\"https:\/\/www.felsch.de\/en\/buero\/#breadcrumb\",\"itemListElement\":[{\"@type\":\"ListItem\",\"position\":1,\"name\":\"Startseite\",\"item\":\"https:\/\/www.felsch.de\/en\/\"},{\"@type\":\"ListItem\",\"position\":2,\"name\":\"B\u00fcro\"}]},{\"@type\":\"WebSite\",\"@id\":\"https:\/\/www.felsch.de\/en\/#website\",\"url\":\"https:\/\/www.felsch.de\/en\/\",\"name\":\"felsch lighting design\",\"description\":\"\",\"potentialAction\":[{\"@type\":\"SearchAction\",\"target\":{\"@type\":\"EntryPoint\",\"urlTemplate\":\"https:\/\/www.felsch.de\/en\/?s={search_term_string}\"},\"query-input\":{\"@type\":\"PropertyValueSpecification\",\"valueRequired\":true,\"valueName\":\"search_term_string\"}}],\"inLanguage\":\"en-US\"}]}<\/script>\n<!-- \/ Yoast SEO plugin. -->","yoast_head_json":{"title":"Office - felsch lighting design","robots":{"index":"index","follow":"follow","max-snippet":"max-snippet:-1","max-image-preview":"max-image-preview:large","max-video-preview":"max-video-preview:-1"},"canonical":"https:\/\/www.felsch.de\/en\/buero\/","og_locale":"en_US","og_type":"article","og_title":"Office - felsch lighting design","og_description":"Felsch Lighting Design ist ein unabh\u00e4ngig arbeitendes Lichtplanungsb\u00fcro mit Sitz in Hamburg. Der Gr\u00fcnder machte sich 2004 mit einem eigenen B\u00fcro selbstst\u00e4ndig und kann heute auf \u00fcber 20 Jahre Erfahrung im Umgang mit dem Werkstoff Licht in nationalen und internationalen Projekten zur\u00fcckgreifen. Ein Team aus qualifizierten Spezialisten plant und ber\u00e4t seine Auftraggeber. Markus Felsch Dipl.-Ing. [&hellip;]","og_url":"https:\/\/www.felsch.de\/en\/buero\/","og_site_name":"felsch lighting design","article_modified_time":"2023-05-10T11:41:10+00:00","og_image":[{"url":"https:\/\/www.felsch.de\/wp-content\/uploads\/2015\/10\/Neu_Felsch_06_SW.jpg"}],"twitter_card":"summary_large_image","twitter_misc":{"Est. reading time":"2 minutes"},"schema":{"@context":"https:\/\/schema.org","@graph":[{"@type":"WebPage","@id":"https:\/\/www.felsch.de\/en\/buero\/","url":"https:\/\/www.felsch.de\/en\/buero\/","name":"Office - felsch lighting design","isPartOf":{"@id":"https:\/\/www.felsch.de\/en\/#website"},"primaryImageOfPage":{"@id":"https:\/\/www.felsch.de\/en\/buero\/#primaryimage"},"image":{"@id":"https:\/\/www.felsch.de\/buero\/#primaryimage"},"thumbnailUrl":"https:\/\/www.felsch.de\/wp-content\/uploads\/2015\/10\/Neu_Felsch_06_SW.jpg","datePublished":"2015-11-16T15:25:29+00:00","dateModified":"2023-05-10T11:41:10+00:00","breadcrumb":{"@id":"https:\/\/www.felsch.de\/en\/buero\/#breadcrumb"},"inLanguage":"en-US","potentialAction":[{"@type":"ReadAction","target":[["https:\/\/www.felsch.de\/en\/buero\/"]]}]},{"@type":"ImageObject","inLanguage":"en-US","@id":"https:\/\/www.felsch.de\/en\/buero\/#primaryimage","url":"https:\/\/www.felsch.de\/wp-content\/uploads\/2015\/10\/Neu_Felsch_06_SW.jpg","contentUrl":"https:\/\/www.felsch.de\/wp-content\/uploads\/2015\/10\/Neu_Felsch_06_SW.jpg"},{"@type":"BreadcrumbList","@id":"https:\/\/www.felsch.de\/en\/buero\/#breadcrumb","itemListElement":[{"@type":"ListItem","position":1,"name":"Startseite","item":"https:\/\/www.felsch.de\/en\/"},{"@type":"ListItem","position":2,"name":"B\u00fcro"}]},{"@type":"WebSite","@id":"https:\/\/www.felsch.de\/en\/#website","url":"https:\/\/www.felsch.de\/en\/","name":"felsch lighting design","description":"","potentialAction":[{"@type":"SearchAction","target":{"@type":"EntryPoint","urlTemplate":"https:\/\/www.felsch.de\/en\/?s={search_term_string}"},"query-input":{"@type":"PropertyValueSpecification","valueRequired":true,"valueName":"search_term_string"}}],"inLanguage":"en-US"}]}},"_links":{"self":[{"href":"https:\/\/www.felsch.de\/en\/wp-json\/wp\/v2\/pages\/886"}],"collection":[{"href":"https:\/\/www.felsch.de\/en\/wp-json\/wp\/v2\/pages"}],"about":[{"href":"https:\/\/www.felsch.de\/en\/wp-json\/wp\/v2\/types\/page"}],"author":[{"embeddable":true,"href":"https:\/\/www.felsch.de\/en\/wp-json\/wp\/v2\/users\/1"}],"replies":[{"embeddable":true,"href":"https:\/\/www.felsch.de\/en\/wp-json\/wp\/v2\/comments?post=886"}],"version-history":[{"count":14,"href":"https:\/\/www.felsch.de\/en\/wp-json\/wp\/v2\/pages\/886\/revisions"}],"predecessor-version":[{"id":1845,"href":"https:\/\/www.felsch.de\/en\/wp-json\/wp\/v2\/pages\/886\/revisions\/1845"}],"wp:attachment":[{"href":"https:\/\/www.felsch.de\/en\/wp-json\/wp\/v2\/media?parent=886"}],"curies":[{"name":"wp","href":"https:\/\/api.w.org\/{rel}","templated":true}]}}